{"id":78841,"date":"2022-04-07T12:10:01","date_gmt":"2022-04-07T10:10:01","guid":{"rendered":"https:\/\/www-recette.afi-esca.be\/?page_id=78841"},"modified":"2024-02-08T16:07:16","modified_gmt":"2024-02-08T15:07:16","slug":"algemende-voorwaarden","status":"publish","type":"page","link":"https:\/\/www-recette.afi-esca.be\/nl\/algemende-voorwaarden\/","title":{"rendered":"Algemende Voorwaarden"},"content":{"rendered":"\n<h1 class=\"wp-block-heading\">Algemende Voorwaarden<\/h1>\n\n\n\n<h1 class=\"wp-block-heading\">Uw hypothecaire lening verzekeren<\/h1>\n\n\n\n<figure class=\"wp-block-image\"><a href=\"https:\/\/www-recette.afi-esca.be\/wp-content\/uploads\/2015\/06\/protectim-nl.jpg\"><img loading=\"lazy\" decoding=\"async\" width=\"650\" height=\"265\" src=\"https:\/\/www-recette.afi-esca.be\/wp-content\/uploads\/2015\/06\/protectim-nl.jpg\" alt=\"protectim-nl\" class=\"wp-image-488\"\/><\/a><\/figure>\n\n\n\n<h3 class=\"wp-block-heading\">Uw verzekering tegen de onzekerheden van het leven<\/h3>\n\n\n\n<h3 class=\"wp-block-heading\">Best Aankoop &#8211; Test Aankoop<\/h3>\n\n\n\n<p>Uw bank kiezen voor uw hypothecaire lening, dat is belangrijk. Uw verzekeraar kiezen om uw lening te verzekeren, dat is essentieel: in geval van moeilijkheden, moet u kunnen rekenen op uw verzekering. Tijdens de volledige duur van uw krediet staat Protectim aan uw zijde om het hoofd te bieden aan het onverwachte.<\/p>\n\n\n\n<p>En aangezien een lening vaak het engagement van een leven is, is Protectim zo opgesteld om u in de tijd te begeleiden, waarbij u de grootste flexibiliteit heeft. Uw verzekeringscontract past zich aan uw situatie aan zo vaak als nodig en uw onroerend goed wordt steeds verder afbetaald ongeacht de onzekerheden die het leven biedt, opdat iedereen zijn immobili\u00ebnprojecten kan verwezenlijken, met een gerust hart.<\/p>\n\n\n\n<blockquote class=\"wp-block-quote is-layout-flow wp-block-quote-is-layout-flow\">\n<p>Kies voor uw hypothecaire lening uw verzekeraar even zorgvuldig als uw bankier&#8230;<\/p>\n<\/blockquote>\n\n\n\n<p><a href=\"https:\/\/www-recette.afi-esca.be\/wp-content\/uploads\/2023\/05\/CG-Protectim-NL-1.pdf\" target=\"_blank\" rel=\"noreferrer noopener\">Algemene voorwaarden Protectim<\/a><\/p>\n\n\n\n<hr class=\"wp-block-separator has-text-color has-css-opacity has-background is-style-wide\" style=\"background-color:#a5a9ab;color:#a5a9ab\"\/>\n\n\n\n<h1 class=\"wp-block-heading\">Consumenten Krediet op maat verzekeren<\/h1>\n\n\n\n<figure class=\"wp-block-image\"><img loading=\"lazy\" decoding=\"async\" width=\"650\" height=\"265\" src=\"https:\/\/www-recette.afi-esca.be\/wp-content\/uploads\/2015\/06\/credit-conso-nl.jpg\" alt=\"credit-conso-nl\" class=\"wp-image-485\"\/><\/figure>\n\n\n\n<p>Dankzij Cr\u00e9dit Conso geniet u het voordeel dat AFI ESCA het nog verschuldigde kapitaal van uw consumentenkredieten voor haar rekening zal nemen binnen de limiet van 100 000 \u20ac in geval van Overlijden.<\/p>\n\n\n\n<p><a href=\"https:\/\/www-recette.afi-esca.be\/wp-content\/uploads\/2022\/04\/AV-CREDIT-CONSO-1019.pdf\" target=\"_blank\" rel=\"noreferrer noopener\">Algemene voorwaarden Cr\u00e9dit Conso<\/a><\/p>\n\n\n\n<hr class=\"wp-block-separator has-text-color has-css-opacity has-background is-style-wide\" style=\"background-color:#a5a9ab;color:#a5a9ab\"\/>\n\n\n\n<h1 class=\"wp-block-heading\">Uw autokrediet verzekeren<\/h1>\n\n\n\n<figure class=\"wp-block-image size-large\"><img loading=\"lazy\" decoding=\"async\" width=\"650\" height=\"265\" src=\"https:\/\/www-recette.afi-esca.be\/wp-content\/uploads\/2020\/02\/previcar_img-nl.jpg\" alt=\"\" class=\"wp-image-23245\" srcset=\"https:\/\/www-recette.afi-esca.be\/wp-content\/uploads\/2020\/02\/previcar_img-nl.jpg 650w, https:\/\/www-recette.afi-esca.be\/wp-content\/uploads\/2020\/02\/previcar_img-nl-300x122.jpg 300w\" sizes=\"auto, (max-width: 650px) 100vw, 650px\" \/><\/figure>\n\n\n\n<p>Pr\u00e9vicar, dat is rust en veiligheid voor uw familie \u2026<\/p>\n\n\n\n<p>Een complete waarborg<\/p>\n\n\n\n<p>U bent gedekt voor het bedrag van het kapitaal dat geleend werd aan de bank om de aankoop van uw voertuig te financieren.<\/p>\n\n\n\n<p>Sereniteit voor uw naasten<\/p>\n\n\n\n<p>Indien u overlijdt tijdens de duur van uw overeenkomst, zal het nog verschuldigde saldo met inbegrip van de laatste mensualiteit (de eindwaarde) terugbetaald worden aan de bank. U zult geen schuld achterlaten aan uw erfgenamen.<\/p>\n\n\n\n<p><a href=\"https:\/\/www-recette.afi-esca.be\/wp-content\/uploads\/2023\/10\/AFI23-3445-3-Mise-a-jour-du-document-CG-PREVICAR-NL-AFI19-0555-1.pdf\" target=\"_blank\" rel=\"noreferrer noopener\">Algemene voorwaarden Pr\u00e9vicar<\/a><\/p>\n\n\n\n<hr class=\"wp-block-separator has-text-color has-css-opacity has-background is-style-wide\" style=\"background-color:#a5a9ab;color:#a5a9ab\"\/>\n\n\n\n<h1 class=\"wp-block-heading\">Oplossingen voor <strong>uw voorzorg<\/strong><\/h1>\n\n\n\n<figure class=\"wp-block-image\"><a href=\"https:\/\/www-recette.afi-esca.be\/wp-content\/uploads\/2015\/06\/prevoyance-obseque-nl.jpg\"><img loading=\"lazy\" decoding=\"async\" width=\"650\" height=\"265\" src=\"https:\/\/www-recette.afi-esca.be\/wp-content\/uploads\/2015\/06\/prevoyance-obseque-nl.jpg\" alt=\"prevoyance-obseque-nl\" class=\"wp-image-487\"\/><\/a><\/figure>\n\n\n\n<h3 class=\"wp-block-heading\">Op voorhand regelen om van het leven te genieten<\/h3>\n\n\n\n<p>Als u zelf de voorwaarden kan bepalen van uw heengaan, dan is dat een garantie voor sereniteit en gemoedsrust. Hierdoor kan men vaak, als het moment gekomen is, zijn naaste omgeving ontlasten van de pijnlijke formaliteiten. Ki\u00e9tis is een verzekeringscontract \u00e0 la carte: iedereen kiest de formule die het meest is aangepast aan zijn\/haar situatie.<\/p>\n\n\n\n<p>Of het nu gaat om de materi\u00eble organisatie, om het aanduiden van de begunstigde(n) of de opwaardering van het ge\u00efnvesteerde kapitaal, Ki\u00e9tis voorziet het ergste tegen de beste voorwaarden. Elke dag hoef je enkel aan het leven te denken.<\/p>\n\n\n\n<p><a href=\"https:\/\/www-recette.afi-esca.be\/wp-content\/uploads\/2016\/06\/AV-Ki\u00e9tis-1015.pdf\" target=\"_blank\" rel=\"noreferrer noopener\">Algemene voorwaarden Ki\u00e9tis<\/a><\/p>\n\n\n\n<hr class=\"wp-block-separator has-text-color has-css-opacity has-background is-style-wide\" style=\"background-color:#a5a9ab;color:#a5a9ab\"\/>\n\n\n\n<h1 class=\"wp-block-heading\">Oplossingen op het vlak van <strong>Voorzorg en Overlijden<\/strong><\/h1>\n\n\n\n<figure class=\"wp-block-image\"><a href=\"https:\/\/www-recette.afi-esca.be\/wp-content\/uploads\/2015\/06\/previndi-nl.jpg\"><img loading=\"lazy\" decoding=\"async\" width=\"650\" height=\"265\" src=\"https:\/\/www-recette.afi-esca.be\/wp-content\/uploads\/2015\/06\/previndi-nl.jpg\" alt=\"previndi-nl\" class=\"wp-image-486\"\/><\/a><\/figure>\n\n\n\n<p>Het leven voorziet ons van een aantal verrassingen, of ze nu goed of slecht zijn\u2026<br>Wat te doen en hoe reageren bij de verdwijning van een geliefde persoon?<\/p>\n\n\n\n<p>Het verlies van een levenspartner, een bedrijfsleider of een vennoot is vaak moeilijk te verwerken. zowel op mentaal als op financieel vlak.<\/p>\n\n\n\n<blockquote class=\"wp-block-quote is-layout-flow wp-block-quote-is-layout-flow\">\n<p>Voor deze onvoorziene omstandigheden is previndi de oplossing op maat, zowel voor particulieren als bedrijven.<\/p>\n<\/blockquote>\n\n\n\n<p><a href=\"https:\/\/www-recette.afi-esca.be\/wp-content\/uploads\/2016\/06\/AV-Previndi-1015.pdf\" target=\"_blank\" rel=\"noreferrer noopener\">Algemene voorwaarden Pr\u00e9vindi<\/a><\/p>\n","protected":false},"excerpt":{"rendered":"<p>Algemende Voorwaarden Uw hypothecaire lening verzekeren Uw verzekering tegen de onzekerheden van het leven Best Aankoop &#8211; Test Aankoop Uw bank kiezen voor uw hypothecaire lening, dat is belangrijk. Uw verzekeraar kiezen om uw lening te verzekeren, dat is essentieel: in geval van moeilijkheden, moet u kunnen rekenen op uw verzekering. Tijdens de volledige duur [&hellip;]<\/p>\n","protected":false},"author":4,"featured_media":0,"parent":0,"menu_order":0,"comment_status":"closed","ping_status":"closed","template":"simple-page.php","meta":{"_acf_changed":false,"footnotes":""},"class_list":["post-78841","page","type-page","status-publish","hentry"],"acf":[],"yoast_head":"<!-- This site is optimized with the Yoast SEO plugin v27.4 - https:\/\/yoast.com\/product\/yoast-seo-wordpress\/ -->\n<title>Algemende Voorwaarden - Afi Esca Belgique (RECETTE)<\/title>\n<meta name=\"robots\" content=\"noindex, follow, max-snippet:-1, max-image-preview:large, max-video-preview:-1\" \/>\n<meta property=\"og:locale\" content=\"nl_NL\" \/>\n<meta property=\"og:type\" content=\"article\" \/>\n<meta property=\"og:title\" content=\"Algemende Voorwaarden - Afi Esca Belgique (RECETTE)\" \/>\n<meta property=\"og:description\" content=\"Algemende Voorwaarden Uw hypothecaire lening verzekeren Uw verzekering tegen de onzekerheden van het leven Best Aankoop &#8211; Test Aankoop Uw bank kiezen voor uw hypothecaire lening, dat is belangrijk. Uw verzekeraar kiezen om uw lening te verzekeren, dat is essentieel: in geval van moeilijkheden, moet u kunnen rekenen op uw verzekering. Tijdens de volledige duur [&hellip;]\" \/>\n<meta property=\"og:url\" content=\"https:\/\/www-recette.afi-esca.be\/nl\/algemende-voorwaarden\/\" \/>\n<meta property=\"og:site_name\" content=\"Afi Esca Belgique (RECETTE)\" \/>\n<meta property=\"article:modified_time\" content=\"2024-02-08T15:07:16+00:00\" \/>\n<meta property=\"og:image\" content=\"https:\/\/www-recette.afi-esca.be\/wp-content\/uploads\/2015\/06\/protectim-nl.jpg\" \/>\n<meta name=\"twitter:card\" content=\"summary_large_image\" \/>\n<meta name=\"twitter:label1\" content=\"Geschatte leestijd\" \/>\n\t<meta name=\"twitter:data1\" content=\"7 minuten\" \/>\n<script type=\"application\/ld+json\" class=\"yoast-schema-graph\">{\"@context\":\"https:\\\/\\\/schema.org\",\"@graph\":[{\"@type\":\"WebPage\",\"@id\":\"https:\\\/\\\/www-recette.afi-esca.be\\\/nl\\\/algemende-voorwaarden\\\/\",\"url\":\"https:\\\/\\\/www-recette.afi-esca.be\\\/nl\\\/algemende-voorwaarden\\\/\",\"name\":\"Algemende Voorwaarden - Afi Esca Belgique (RECETTE)\",\"isPartOf\":{\"@id\":\"https:\\\/\\\/www-recette.afi-esca.be\\\/nl\\\/#website\"},\"primaryImageOfPage\":{\"@id\":\"https:\\\/\\\/www-recette.afi-esca.be\\\/nl\\\/algemende-voorwaarden\\\/#primaryimage\"},\"image\":{\"@id\":\"https:\\\/\\\/www-recette.afi-esca.be\\\/nl\\\/algemende-voorwaarden\\\/#primaryimage\"},\"thumbnailUrl\":\"https:\\\/\\\/www-recette.afi-esca.be\\\/wp-content\\\/uploads\\\/2015\\\/06\\\/protectim-nl.jpg\",\"datePublished\":\"2022-04-07T10:10:01+00:00\",\"dateModified\":\"2024-02-08T15:07:16+00:00\",\"breadcrumb\":{\"@id\":\"https:\\\/\\\/www-recette.afi-esca.be\\\/nl\\\/algemende-voorwaarden\\\/#breadcrumb\"},\"inLanguage\":\"nl-NL\",\"potentialAction\":[{\"@type\":\"ReadAction\",\"target\":[\"https:\\\/\\\/www-recette.afi-esca.be\\\/nl\\\/algemende-voorwaarden\\\/\"]}]},{\"@type\":\"ImageObject\",\"inLanguage\":\"nl-NL\",\"@id\":\"https:\\\/\\\/www-recette.afi-esca.be\\\/nl\\\/algemende-voorwaarden\\\/#primaryimage\",\"url\":\"https:\\\/\\\/www-recette.afi-esca.be\\\/wp-content\\\/uploads\\\/2015\\\/06\\\/protectim-nl.jpg\",\"contentUrl\":\"https:\\\/\\\/www-recette.afi-esca.be\\\/wp-content\\\/uploads\\\/2015\\\/06\\\/protectim-nl.jpg\"},{\"@type\":\"BreadcrumbList\",\"@id\":\"https:\\\/\\\/www-recette.afi-esca.be\\\/nl\\\/algemende-voorwaarden\\\/#breadcrumb\",\"itemListElement\":[{\"@type\":\"ListItem\",\"position\":1,\"name\":\"Accueil\",\"item\":\"https:\\\/\\\/www-recette.afi-esca.be\\\/nl\\\/\"},{\"@type\":\"ListItem\",\"position\":2,\"name\":\"Algemende Voorwaarden\"}]},{\"@type\":\"WebSite\",\"@id\":\"https:\\\/\\\/www-recette.afi-esca.be\\\/nl\\\/#website\",\"url\":\"https:\\\/\\\/www-recette.afi-esca.be\\\/nl\\\/\",\"name\":\"Afi Esca Belgique (RECETTE)\",\"description\":\"Compagnie d&#039;assurance sur la vie et de capitalisation\",\"potentialAction\":[{\"@type\":\"SearchAction\",\"target\":{\"@type\":\"EntryPoint\",\"urlTemplate\":\"https:\\\/\\\/www-recette.afi-esca.be\\\/nl\\\/?s={search_term_string}\"},\"query-input\":{\"@type\":\"PropertyValueSpecification\",\"valueRequired\":true,\"valueName\":\"search_term_string\"}}],\"inLanguage\":\"nl-NL\"}]}<\/script>\n<!-- \/ Yoast SEO plugin. -->","yoast_head_json":{"title":"Algemende Voorwaarden - Afi Esca Belgique (RECETTE)","robots":{"index":"noindex","follow":"follow","max-snippet":"max-snippet:-1","max-image-preview":"max-image-preview:large","max-video-preview":"max-video-preview:-1"},"og_locale":"nl_NL","og_type":"article","og_title":"Algemende Voorwaarden - Afi Esca Belgique (RECETTE)","og_description":"Algemende Voorwaarden Uw hypothecaire lening verzekeren Uw verzekering tegen de onzekerheden van het leven Best Aankoop &#8211; Test Aankoop Uw bank kiezen voor uw hypothecaire lening, dat is belangrijk. Uw verzekeraar kiezen om uw lening te verzekeren, dat is essentieel: in geval van moeilijkheden, moet u kunnen rekenen op uw verzekering. Tijdens de volledige duur [&hellip;]","og_url":"https:\/\/www-recette.afi-esca.be\/nl\/algemende-voorwaarden\/","og_site_name":"Afi Esca Belgique (RECETTE)","article_modified_time":"2024-02-08T15:07:16+00:00","og_image":[{"url":"https:\/\/www-recette.afi-esca.be\/wp-content\/uploads\/2015\/06\/protectim-nl.jpg","type":"","width":"","height":""}],"twitter_card":"summary_large_image","twitter_misc":{"Geschatte leestijd":"7 minuten"},"schema":{"@context":"https:\/\/schema.org","@graph":[{"@type":"WebPage","@id":"https:\/\/www-recette.afi-esca.be\/nl\/algemende-voorwaarden\/","url":"https:\/\/www-recette.afi-esca.be\/nl\/algemende-voorwaarden\/","name":"Algemende Voorwaarden - Afi Esca Belgique (RECETTE)","isPartOf":{"@id":"https:\/\/www-recette.afi-esca.be\/nl\/#website"},"primaryImageOfPage":{"@id":"https:\/\/www-recette.afi-esca.be\/nl\/algemende-voorwaarden\/#primaryimage"},"image":{"@id":"https:\/\/www-recette.afi-esca.be\/nl\/algemende-voorwaarden\/#primaryimage"},"thumbnailUrl":"https:\/\/www-recette.afi-esca.be\/wp-content\/uploads\/2015\/06\/protectim-nl.jpg","datePublished":"2022-04-07T10:10:01+00:00","dateModified":"2024-02-08T15:07:16+00:00","breadcrumb":{"@id":"https:\/\/www-recette.afi-esca.be\/nl\/algemende-voorwaarden\/#breadcrumb"},"inLanguage":"nl-NL","potentialAction":[{"@type":"ReadAction","target":["https:\/\/www-recette.afi-esca.be\/nl\/algemende-voorwaarden\/"]}]},{"@type":"ImageObject","inLanguage":"nl-NL","@id":"https:\/\/www-recette.afi-esca.be\/nl\/algemende-voorwaarden\/#primaryimage","url":"https:\/\/www-recette.afi-esca.be\/wp-content\/uploads\/2015\/06\/protectim-nl.jpg","contentUrl":"https:\/\/www-recette.afi-esca.be\/wp-content\/uploads\/2015\/06\/protectim-nl.jpg"},{"@type":"BreadcrumbList","@id":"https:\/\/www-recette.afi-esca.be\/nl\/algemende-voorwaarden\/#breadcrumb","itemListElement":[{"@type":"ListItem","position":1,"name":"Accueil","item":"https:\/\/www-recette.afi-esca.be\/nl\/"},{"@type":"ListItem","position":2,"name":"Algemende Voorwaarden"}]},{"@type":"WebSite","@id":"https:\/\/www-recette.afi-esca.be\/nl\/#website","url":"https:\/\/www-recette.afi-esca.be\/nl\/","name":"Afi Esca Belgique (RECETTE)","description":"Compagnie d&#039;assurance sur la vie et de capitalisation","potentialAction":[{"@type":"SearchAction","target":{"@type":"EntryPoint","urlTemplate":"https:\/\/www-recette.afi-esca.be\/nl\/?s={search_term_string}"},"query-input":{"@type":"PropertyValueSpecification","valueRequired":true,"valueName":"search_term_string"}}],"inLanguage":"nl-NL"}]}},"_links":{"self":[{"href":"https:\/\/www-recette.afi-esca.be\/nl\/wp-json\/wp\/v2\/pages\/78841","targetHints":{"allow":["GET"]}}],"collection":[{"href":"https:\/\/www-recette.afi-esca.be\/nl\/wp-json\/wp\/v2\/pages"}],"about":[{"href":"https:\/\/www-recette.afi-esca.be\/nl\/wp-json\/wp\/v2\/types\/page"}],"author":[{"embeddable":true,"href":"https:\/\/www-recette.afi-esca.be\/nl\/wp-json\/wp\/v2\/users\/4"}],"replies":[{"embeddable":true,"href":"https:\/\/www-recette.afi-esca.be\/nl\/wp-json\/wp\/v2\/comments?post=78841"}],"version-history":[{"count":12,"href":"https:\/\/www-recette.afi-esca.be\/nl\/wp-json\/wp\/v2\/pages\/78841\/revisions"}],"predecessor-version":[{"id":92405,"href":"https:\/\/www-recette.afi-esca.be\/nl\/wp-json\/wp\/v2\/pages\/78841\/revisions\/92405"}],"wp:attachment":[{"href":"https:\/\/www-recette.afi-esca.be\/nl\/wp-json\/wp\/v2\/media?parent=78841"}],"curies":[{"name":"wp","href":"https:\/\/api.w.org\/{rel}","templated":true}]}}